{"id":67,"date":"2025-01-14T13:50:54","date_gmt":"2025-01-14T12:50:54","guid":{"rendered":"https:\/\/hosting201943.a2ee8.netcup.net\/wordpress\/?page_id=67"},"modified":"2025-07-22T09:38:47","modified_gmt":"2025-07-22T08:38:47","slug":"wasseranalysen","status":"publish","type":"page","link":"https:\/\/zv-binatal.de\/?page_id=67","title":{"rendered":"Wasseranalysen"},"content":{"rendered":"\n<p class=\"is-style-default has-medium-font-size\">Die Gemeinde Bodenkirchen sowie der Zweckverband zur Wasserversorgung der Binatal-Gruppe sind stets bem\u00fcht um die gute Qualit\u00e4t unseres Trinkwassers. Dazu geh\u00f6rt es auch, dass regelm\u00e4\u00dfige Kontrollen der Wasserwerte durchgef\u00fchrt werden.<br><br>Bei der Durchsicht der Werte werden Sie feststellen, dass alle untersuchten Parameter bei beiden Versorgungsunternehmen weit unter dem Grenzwerten der Trinkwasserverordnung liegen.<br><br>Falls Sie noch Fragen haben k\u00f6nnen Sie sich an folgende Stellen wenden,<br>unsere Verwaltung im Rathaus Bodenkirchen oder unser Wassermeister:<\/p>\n\n\n\n<figure class=\"wp-block-table has-medium-font-size\"><table class=\"has-fixed-layout\"><tbody><tr><td>Herr Michael Hausperger, Zimmer 6<\/td><td>Herr Thomas Sporrer<\/td><\/tr><tr><td>Telefon 08745\/ 96 86-12<\/td><td>Telefon 08745\/ 96 86-21<\/td><\/tr><tr><td><a href=\"mailto:m.hausperger@bodenkirchen.de\" target=\"_blank\" rel=\"noreferrer noopener\">m.hausperger@bodenkirchen.de<\/a><\/td><td><a href=\"mailto:info@zv-binatal.de\" target=\"_blank\" rel=\"noreferrer noopener\">info@zv-binatal.de<\/a><\/td><\/tr><\/tbody><\/table><\/figure>\n\n\n\n<p class=\"has-medium-font-size\">Nachstehend ver\u00f6ffentlichen wir die wichtigsten Daten.<\/p>\n\n\n\n<p class=\"has-small-font-size\">Letzte Aktualisierung: Januar 2025<\/p>\n\n\n\n<hr class=\"wp-block-separator has-alpha-channel-opacity\"\/>\n\n\n\n<p class=\"has-text-align-center has-medium-font-size\"><strong>Zweckverband zur Wasserversorgung der Binatal-Gruppe:<\/strong><\/p>\n\n\n\n<figure class=\"wp-block-image aligncenter size-medium\"><a href=\"https:\/\/hosting201943.a2ee8.netcup.net\/wordpress\/wp-content\/uploads\/2025\/01\/WZV_Gebiet.jpg\"><img loading=\"lazy\" decoding=\"async\" width=\"222\" height=\"300\" src=\"https:\/\/hosting201943.a2ee8.netcup.net\/wordpress\/wp-content\/uploads\/2025\/01\/WZV_Gebiet-222x300.jpg\" alt=\"\" class=\"wp-image-97\" srcset=\"https:\/\/zv-binatal.de\/wp-content\/uploads\/2025\/01\/WZV_Gebiet-222x300.jpg 222w, https:\/\/zv-binatal.de\/wp-content\/uploads\/2025\/01\/WZV_Gebiet.jpg 473w\" sizes=\"auto, (max-width: 222px) 100vw, 222px\" \/><\/a><\/figure>\n\n\n\n<div class=\"wp-block-file\"><a id=\"wp-block-file--media-48dcc7d5-bd5a-4dd4-ae07-fb9ef98d5718\" href=\"https:\/\/zv-binatal.de\/wp-content\/uploads\/2025\/06\/01-Wasseranalyse-April-2025.pdf\" target=\"_blank\" rel=\"noreferrer noopener\">01 Wasseranalyse April 2025.pdf<\/a><\/div>\n\n\n\n<figure class=\"wp-block-table is-style-stripes has-medium-font-size\"><table class=\"has-border-color has-accent-4-border-color\" style=\"border-width:1px\"><tbody><tr><td>&nbsp;<\/td><td><strong>Einheit<\/strong><\/td><td>&nbsp;<strong>Ergebnis<\/strong><\/td><td><strong>Trinkwasserverordnung (Grenzwert)<\/strong><\/td><\/tr><tr><td>Calcium (Ca)<\/td><td>mg\/l<\/td><td>80,7<\/td><td>&nbsp;<\/td><\/tr><tr><td>Magnesium (Mg)<\/td><td>mg\/l<\/td><td>26,2<\/td><td>&nbsp;<\/td><\/tr><tr><td>Natrium (Na)<\/td><td>mg\/l<\/td><td>4,2<\/td><td>&nbsp;<\/td><\/tr><tr><td>Kalium (K)<\/td><td>mg\/l<\/td><td>0,8<\/td><td>&nbsp;<\/td><\/tr><tr><td>pH-Wert bei 8,5 \u00b0C<\/td><td>&nbsp;<\/td><td>7,41<\/td><td>&gt;6,5 und &lt;9,5<\/td><\/tr><tr><td>Sauerstoff (O2)<\/td><td>mg\/l<\/td><td>8,3<\/td><td>&nbsp;<\/td><\/tr><tr><td>H\u00e4rtebereich<\/td><td>\u00b0dH<\/td><td>17,3 (hart)<\/td><td>&nbsp;<\/td><\/tr><tr><td>&nbsp;Leitf\u00e4higkeit bei 25\u00b0C<\/td><td>&nbsp;\u00b5S\/cm<\/td><td>595<\/td><td>&nbsp;<\/td><\/tr><tr><td>&nbsp;<\/td><td>&nbsp;<\/td><td>&nbsp;<\/td><td>&nbsp;<\/td><\/tr><tr><td>Chlorid (Cl)<\/td><td>mg\/l<\/td><td>12,1<\/td><td>250<\/td><\/tr><tr><td>Sulfat (SO4)<\/td><td>mg\/l<\/td><td>28,0<\/td><td>250<\/td><\/tr><tr><td>Nitrat (NO3)<\/td><td>mg\/l<\/td><td>0,5<\/td><td>50<\/td><\/tr><tr><td>Nitrit (NO2)<\/td><td>mg\/l<\/td><td>&lt; 0,01<\/td><td>0,5<\/td><\/tr><tr><td>Eisen (FE)<\/td><td>mg\/l<\/td><td>&lt; 0,01<\/td><td>0,2<\/td><\/tr><tr><td>Mangan (Mn)<\/td><td>mg\/l<\/td><td>&lt; 0,0025<\/td><td>0,05<\/td><\/tr><tr><td>Aluminium (Al)<\/td><td>mg\/l<\/td><td>&lt; 0,005<\/td><td>0,2<\/td><\/tr><tr><td>&nbsp;Stand: April 2025<\/td><td>&nbsp;<\/td><td>&nbsp;<\/td><td>&nbsp;<\/td><\/tr><\/tbody><\/table><\/figure>\n\n\n\n<hr class=\"wp-block-separator has-alpha-channel-opacity\"\/>\n\n\n\n<p><\/p>\n\n\n\n<p class=\"has-medium-font-size\"><strong>Gemeinde Bodenkirchen (Versorgungsgebiet Binabiburg und Umgebung):<\/strong><\/p>\n\n\n\n<figure class=\"wp-block-image aligncenter size-medium\"><a href=\"https:\/\/hosting201943.a2ee8.netcup.net\/wordpress\/wp-content\/uploads\/2025\/01\/Binabiburg-klein.jpg\"><img loading=\"lazy\" decoding=\"async\" width=\"300\" height=\"158\" src=\"https:\/\/hosting201943.a2ee8.netcup.net\/wordpress\/wp-content\/uploads\/2025\/01\/Binabiburg-klein-300x158.jpg\" alt=\"\" class=\"wp-image-108\" srcset=\"https:\/\/zv-binatal.de\/wp-content\/uploads\/2025\/01\/Binabiburg-klein-300x158.jpg 300w, https:\/\/zv-binatal.de\/wp-content\/uploads\/2025\/01\/Binabiburg-klein-768x404.jpg 768w, https:\/\/zv-binatal.de\/wp-content\/uploads\/2025\/01\/Binabiburg-klein.jpg 800w\" sizes=\"auto, (max-width: 300px) 100vw, 300px\" \/><\/a><\/figure>\n\n\n\n<figure class=\"wp-block-table is-style-stripes has-medium-font-size\"><table class=\"has-border-color has-accent-4-border-color\" style=\"border-width:1px\"><tbody><tr><td>&nbsp;<\/td><td><strong>Einheit&nbsp;<\/strong><\/td><td>&nbsp;<strong>Ergebnis<\/strong><\/td><td><strong>Trinkwasserverordnung&nbsp;(Grenzwert)<\/strong><\/td><\/tr><tr><td>Calcium (Ca)<\/td><td>mg\/l<\/td><td>58<\/td><td>&nbsp;<\/td><\/tr><tr><td>Magnesium (Mg)<\/td><td>mg\/l<\/td><td>21<\/td><td>&nbsp;<\/td><\/tr><tr><td>Natrium (Na)<\/td><td>mg\/l<\/td><td>6,3<\/td><td>&nbsp;<\/td><\/tr><tr><td>Kalium (K)<\/td><td>mg\/l<\/td><td>0,4<\/td><td>&nbsp;<\/td><\/tr><tr><td>ph-Wert bei 11,3 \u00b0C<\/td><td>&nbsp;<\/td><td>7,6<\/td><td>&nbsp;&gt; 6,5 und &lt; 9,5<\/td><\/tr><tr><td>Sauerstoff (O2)<\/td><td>mg\/l<\/td><td>8,3<\/td><td><\/td><\/tr><tr><td>H\u00e4rtebereich<\/td><td>\u00b0dh<\/td><td>13,0<\/td><td>&nbsp;<\/td><\/tr><tr><td>&nbsp;<\/td><td>&nbsp;<\/td><td>&nbsp;<\/td><td>&nbsp;<\/td><\/tr><tr><td>&nbsp;<\/td><td>&nbsp;<\/td><td>&nbsp;<\/td><td>&nbsp;<\/td><\/tr><tr><td>Chlorid (Cl)<\/td><td>mg\/l<\/td><td>19<\/td><td>250<\/td><\/tr><tr><td>Sulfat (So4)<\/td><td>mg\/l<\/td><td>8,4<\/td><td>250<\/td><\/tr><tr><td>Nitrat (NO3)<\/td><td>mg\/l<\/td><td>40<\/td><td>50<\/td><\/tr><tr><td>Nitrit (NO2)<\/td><td>mg\/l<\/td><td>&lt; 0,005<\/td><td>0,5<\/td><\/tr><tr><td>Eisen (FE)<\/td><td>mg\/l<\/td><td>&lt; 0,005<\/td><td>0,2<\/td><\/tr><tr><td>Mangan (Mn)<\/td><td>mg\/l<\/td><td>&lt; 0,005<\/td><td>0,05<\/td><\/tr><tr><td>Aluminium (Al)<\/td><td>mg\/l<\/td><td>&lt; 0,005<\/td><td>0,2<\/td><\/tr><tr><td>&nbsp;Stand: 23.10.2024<\/td><td><\/td><\/tr><\/tbody><\/table><\/figure>\n\n\n\n<div class=\"wp-block-file\"><a id=\"wp-block-file--media-4567a51d-4552-4cb0-a399-c73b15e9b1bf\" href=\"https:\/\/hosting201943.a2ee8.netcup.net\/wordpress\/wp-content\/uploads\/2025\/01\/Haertegrad_Wasserqualitaet.pdf\" target=\"_blank\" rel=\"noreferrer noopener\">Haertegrad_Wasserqualitaet<\/a><\/div>\n","protected":false},"excerpt":{"rendered":"<p>Die Gemeinde Bodenkirchen sowie der Zweckverband zur Wasserversorgung der Binatal-Gruppe sind stets bem\u00fcht um die gute Qualit\u00e4t unseres Trinkwassers. Dazu geh\u00f6rt es auch, dass regelm\u00e4\u00dfige Kontrollen der Wasserwerte durchgef\u00fchrt werden. Bei der Durchsicht der Werte werden Sie feststellen, dass alle untersuchten Parameter bei beiden Versorgungsunternehmen weit unter dem Grenzwerten der Trinkwasserverordnung liegen. Falls Sie noch [&hellip;]<\/p>\n","protected":false},"author":1,"featured_media":0,"parent":0,"menu_order":0,"comment_status":"closed","ping_status":"closed","template":"","meta":{"footnotes":""},"class_list":["post-67","page","type-page","status-publish","hentry"],"_links":{"self":[{"href":"https:\/\/zv-binatal.de\/index.php?rest_route=\/wp\/v2\/pages\/67","targetHints":{"allow":["GET"]}}],"collection":[{"href":"https:\/\/zv-binatal.de\/index.php?rest_route=\/wp\/v2\/pages"}],"about":[{"href":"https:\/\/zv-binatal.de\/index.php?rest_route=\/wp\/v2\/types\/page"}],"author":[{"embeddable":true,"href":"https:\/\/zv-binatal.de\/index.php?rest_route=\/wp\/v2\/users\/1"}],"replies":[{"embeddable":true,"href":"https:\/\/zv-binatal.de\/index.php?rest_route=%2Fwp%2Fv2%2Fcomments&post=67"}],"version-history":[{"count":20,"href":"https:\/\/zv-binatal.de\/index.php?rest_route=\/wp\/v2\/pages\/67\/revisions"}],"predecessor-version":[{"id":241,"href":"https:\/\/zv-binatal.de\/index.php?rest_route=\/wp\/v2\/pages\/67\/revisions\/241"}],"wp:attachment":[{"href":"https:\/\/zv-binatal.de\/index.php?rest_route=%2Fwp%2Fv2%2Fmedia&parent=67"}],"curies":[{"name":"wp","href":"https:\/\/api.w.org\/{rel}","templated":true}]}}