{"id":145,"date":"2025-01-28T08:36:25","date_gmt":"2025-01-28T07:36:25","guid":{"rendered":"https:\/\/zv-binatal.de\/?page_id=145"},"modified":"2026-03-17T09:16:02","modified_gmt":"2026-03-17T08:16:02","slug":"aktuelles","status":"publish","type":"page","link":"https:\/\/zv-binatal.de\/?page_id=145","title":{"rendered":"Aktuelles"},"content":{"rendered":"\n<p class=\"has-text-align-left\" style=\"border-style:none;border-width:0px\"><strong><em>Hier finden Sie aktuelle Neuigkeiten<\/em><\/strong><br><br><\/p>\n\n\n\n<hr class=\"wp-block-separator has-alpha-channel-opacity\"\/>\n\n\n\n<p style=\"border-style:none;border-width:0px\"><br>Z\u00e4hlerwechsel 2026<\/p>\n\n\n\n<p>Im gewohnten 6-Jahres-Rhytmus werden aktuell die Wasserz\u00e4hler ausgetauscht.<br>Betroffen sind alle Wasserz\u00e4hler mit dem Eichjahr 2020 in folgenden Gebieten:<br><br>&#8211; Gemeinde Bodenkirchen<br>&#8211; Eberspoint<br>&#8211; Wurmsham<br>&#8211; Seifriedsw\u00f6rth<br>&#8211; Frauensattling<br>sowie umliegende Bereiche.<br><br>Drei unserer Mitarbeiter sind daf\u00fcr im Einsatz. Auf Grund der gro\u00dfen Anzahl an Z\u00e4hlerwechseln k\u00f6nnen leider keine festen Termine vorab vereinbart werden. Wenn unser Mitarbeiter schon mehrmals bei Ihnen war und niemanden angetroffen hat, wirft er einen Zettel in den Postkasten mit der Bitte einen Termin zu vereinbaren.<br><br>Unsere Bitte an Sie:<br>Gew\u00e4hren Sie unseren Mitarbeitern Zugang zu Ihren R\u00e4umlichkeiten. Ein Z\u00e4hlerwechsel dauert in der Regel ca. 15 Minuten. <br>Vielen Dank!!!<br><br><\/p>\n\n\n\n<p><\/p>\n\n\n\n<hr class=\"wp-block-separator has-alpha-channel-opacity\"\/>\n\n\n\n<p><strong><em>Leitungsverlegung und Sp\u00fclbohrung Langquarter Stra\u00dfe Bonbruck<\/em><br><\/strong><br>Im Zuge der Erweiterung der Wasserversorgung f\u00fcr das entstehende Mischgebiet an der Langquarter Stra\u00dfe in Bonbruck wird von der Raiffeisenstra\u00dfe bis zum Gewerbering eine neue Wasserleitung verlegt. Dies ist notwendig, da die alte Wasserleitung bereits in die Jahre gekommen ist und nicht mehr den heutigen Anforderungen entspricht. Mit der neuen Leitung wird die Versorgungssicherheit verbessert.<\/p>\n\n\n\n<div class=\"wp-block-group has-global-padding is-layout-constrained wp-block-group-is-layout-constrained\">\n<div class=\"wp-block-columns is-layout-flex wp-container-core-columns-is-layout-28f84493 wp-block-columns-is-layout-flex\">\n<div class=\"wp-block-column is-layout-flow wp-block-column-is-layout-flow\" style=\"flex-basis:100%\">\n<div class=\"wp-block-group has-global-padding is-layout-constrained wp-block-group-is-layout-constrained\">\n<figure class=\"wp-block-image size-large\"><img loading=\"lazy\" decoding=\"async\" width=\"1024\" height=\"768\" src=\"https:\/\/zv-binatal.de\/wp-content\/uploads\/2025\/09\/Leitung-1024x768.jpg\" alt=\"\" class=\"wp-image-262\" srcset=\"https:\/\/zv-binatal.de\/wp-content\/uploads\/2025\/09\/Leitung-1024x768.jpg 1024w, https:\/\/zv-binatal.de\/wp-content\/uploads\/2025\/09\/Leitung-300x225.jpg 300w, https:\/\/zv-binatal.de\/wp-content\/uploads\/2025\/09\/Leitung-768x576.jpg 768w, https:\/\/zv-binatal.de\/wp-content\/uploads\/2025\/09\/Leitung-1536x1152.jpg 1536w, https:\/\/zv-binatal.de\/wp-content\/uploads\/2025\/09\/Leitung.jpg 2048w\" sizes=\"auto, (max-width: 1024px) 100vw, 1024px\" \/><\/figure>\n<\/div>\n<\/div>\n<\/div>\n<\/div>\n\n\n\n<div class=\"wp-block-group is-layout-grid wp-container-core-group-is-layout-478b6e6b wp-block-group-is-layout-grid\">\n<figure class=\"wp-block-gallery has-nested-images columns-default is-cropped wp-block-gallery-1 is-layout-flex wp-block-gallery-is-layout-flex\">\n<figure class=\"wp-block-image size-large\"><img loading=\"lazy\" decoding=\"async\" width=\"768\" height=\"1024\" data-id=\"263\" src=\"https:\/\/zv-binatal.de\/wp-content\/uploads\/2025\/09\/Leitung2-768x1024.jpg\" alt=\"\" class=\"wp-image-263\" srcset=\"https:\/\/zv-binatal.de\/wp-content\/uploads\/2025\/09\/Leitung2-768x1024.jpg 768w, https:\/\/zv-binatal.de\/wp-content\/uploads\/2025\/09\/Leitung2-225x300.jpg 225w, https:\/\/zv-binatal.de\/wp-content\/uploads\/2025\/09\/Leitung2-1152x1536.jpg 1152w, https:\/\/zv-binatal.de\/wp-content\/uploads\/2025\/09\/Leitung2.jpg 1536w\" sizes=\"auto, (max-width: 768px) 100vw, 768px\" \/><\/figure>\n<\/figure>\n\n\n\n<figure class=\"wp-block-image size-large is-resized\"><img loading=\"lazy\" decoding=\"async\" width=\"576\" height=\"1024\" src=\"https:\/\/zv-binatal.de\/wp-content\/uploads\/2025\/09\/Spuelbohrung-576x1024.jpg\" alt=\"\" class=\"wp-image-264\" style=\"width:188px;height:auto\" srcset=\"https:\/\/zv-binatal.de\/wp-content\/uploads\/2025\/09\/Spuelbohrung-576x1024.jpg 576w, https:\/\/zv-binatal.de\/wp-content\/uploads\/2025\/09\/Spuelbohrung-169x300.jpg 169w, https:\/\/zv-binatal.de\/wp-content\/uploads\/2025\/09\/Spuelbohrung-768x1365.jpg 768w, https:\/\/zv-binatal.de\/wp-content\/uploads\/2025\/09\/Spuelbohrung-864x1536.jpg 864w, https:\/\/zv-binatal.de\/wp-content\/uploads\/2025\/09\/Spuelbohrung.jpg 1152w\" sizes=\"auto, (max-width: 576px) 100vw, 576px\" \/><\/figure>\n\n\n\n<figure class=\"wp-block-image size-large is-resized\"><img loading=\"lazy\" decoding=\"async\" width=\"576\" height=\"1024\" src=\"https:\/\/zv-binatal.de\/wp-content\/uploads\/2025\/09\/Spuelbohrung-2-576x1024.jpg\" alt=\"\" class=\"wp-image-265\" style=\"width:189px;height:auto\" srcset=\"https:\/\/zv-binatal.de\/wp-content\/uploads\/2025\/09\/Spuelbohrung-2-576x1024.jpg 576w, https:\/\/zv-binatal.de\/wp-content\/uploads\/2025\/09\/Spuelbohrung-2-169x300.jpg 169w, https:\/\/zv-binatal.de\/wp-content\/uploads\/2025\/09\/Spuelbohrung-2-768x1365.jpg 768w, https:\/\/zv-binatal.de\/wp-content\/uploads\/2025\/09\/Spuelbohrung-2-864x1536.jpg 864w, https:\/\/zv-binatal.de\/wp-content\/uploads\/2025\/09\/Spuelbohrung-2.jpg 1152w\" sizes=\"auto, (max-width: 576px) 100vw, 576px\" \/><\/figure>\n<\/div>\n\n\n\n<p><\/p>\n\n\n\n<hr class=\"wp-block-separator has-alpha-channel-opacity\"\/>\n\n\n\n<p>Standrohre f\u00fcr Pool- oder Teichbef\u00fcllungen<\/p>\n\n\n\n<p>Standrohre k\u00f6nnen nach Absprache vom Zweckverband zur Wasserversorgung zur Bef\u00fcllung von Teichen und Pools gemietet werden. Hierf\u00fcr melden Sie sich bitte mindestens 3 Tage vorher unter der Nummer 08745\/ 96 86 21, damit das Standrohr vorbereitet und ein Abholtermin vereinbart werden kann.<br>Genauere Infos und ein Merkblatt zur Standrohrmiete mit den Kosten finden Sie unter: &#8222;Wasseranschluss&#8220; &#8211;&gt; &#8222;Standrohr mieten&#8220;<\/p>\n\n\n\n<hr class=\"wp-block-separator has-alpha-channel-opacity\"\/>\n\n\n\n<p><\/p>\n\n\n\n<p><\/p>\n","protected":false},"excerpt":{"rendered":"<p>Hier finden Sie aktuelle Neuigkeiten Z\u00e4hlerwechsel 2026 Im gewohnten 6-Jahres-Rhytmus werden aktuell die Wasserz\u00e4hler ausgetauscht.Betroffen sind alle Wasserz\u00e4hler mit dem Eichjahr 2020 in folgenden Gebieten: &#8211; Gemeinde Bodenkirchen&#8211; Eberspoint&#8211; Wurmsham&#8211; Seifriedsw\u00f6rth&#8211; Frauensattlingsowie umliegende Bereiche. Drei unserer Mitarbeiter sind daf\u00fcr im Einsatz. Auf Grund der gro\u00dfen Anzahl an Z\u00e4hlerwechseln k\u00f6nnen leider keine festen Termine vorab vereinbart [&hellip;]<\/p>\n","protected":false},"author":1,"featured_media":0,"parent":0,"menu_order":0,"comment_status":"closed","ping_status":"closed","template":"","meta":{"footnotes":""},"class_list":["post-145","page","type-page","status-publish","hentry"],"_links":{"self":[{"href":"https:\/\/zv-binatal.de\/index.php?rest_route=\/wp\/v2\/pages\/145","targetHints":{"allow":["GET"]}}],"collection":[{"href":"https:\/\/zv-binatal.de\/index.php?rest_route=\/wp\/v2\/pages"}],"about":[{"href":"https:\/\/zv-binatal.de\/index.php?rest_route=\/wp\/v2\/types\/page"}],"author":[{"embeddable":true,"href":"https:\/\/zv-binatal.de\/index.php?rest_route=\/wp\/v2\/users\/1"}],"replies":[{"embeddable":true,"href":"https:\/\/zv-binatal.de\/index.php?rest_route=%2Fwp%2Fv2%2Fcomments&post=145"}],"version-history":[{"count":38,"href":"https:\/\/zv-binatal.de\/index.php?rest_route=\/wp\/v2\/pages\/145\/revisions"}],"predecessor-version":[{"id":282,"href":"https:\/\/zv-binatal.de\/index.php?rest_route=\/wp\/v2\/pages\/145\/revisions\/282"}],"wp:attachment":[{"href":"https:\/\/zv-binatal.de\/index.php?rest_route=%2Fwp%2Fv2%2Fmedia&parent=145"}],"curies":[{"name":"wp","href":"https:\/\/api.w.org\/{rel}","templated":true}]}}